{"id":1059,"date":"2024-07-05T10:01:48","date_gmt":"2024-07-05T10:01:48","guid":{"rendered":"https:\/\/colactrading.pl\/?post_type=product&#038;p=1059"},"modified":"2025-04-10T04:09:58","modified_gmt":"2025-04-10T04:09:58","slug":"lime","status":"publish","type":"product","link":"https:\/\/colactrading.pl\/de\/produkt\/lime\/","title":{"rendered":"Limette"},"content":{"rendered":"<p><strong>Key-Limette<\/strong><\/p>\n<ul>\n<li>Sorte: Bekannt als die klassische Limette mit kleiner Gr\u00f6\u00dfe und tiefgr\u00fcner Farbe.<\/li>\n<li>Geschmack\/Textur: Bietet einen einzigartig herben und aromatischen Geschmack mit saftigem und zartem Fruchtfleisch.<\/li>\n<li>Gewicht: Typischerweise wiegt jede Frucht zwischen 30 und 50 Gramm.<\/li>\n<li>Verf\u00fcgbarkeit: Das ganze Jahr \u00fcber in tropischen und subtropischen Regionen zu finden.<\/li>\n<\/ul>\n<p><strong>Persische Limette<\/strong><\/p>\n<ul>\n<li>Sorte: Gr\u00f6\u00dfer als Key-Limetten, mit einer gl\u00e4nzenden, leuchtend gr\u00fcnen Schale.<\/li>\n<li>Geschmack\/Textur: Leicht s\u00e4uerlich mit einem erfrischenden und saftigen Inneren, ideal sowohl f\u00fcr kulinarische als auch f\u00fcr Getr\u00e4nkezwecke.<\/li>\n<li>Gewicht: Jede Limette wiegt zwischen 50 und 75 Gramm.<\/li>\n<li>Verf\u00fcgbarkeit: Weitgehend das ganze Jahr \u00fcber erh\u00e4ltlich, mit der Hauptproduktionszeit von April bis Oktober.<\/li>\n<\/ul>\n<p><strong>Kaffirlimette<\/strong><\/p>\n<ul>\n<li>Sorte: Gekennzeichnet durch ihre raue, h\u00fcgelige Schale und lebendige gr\u00fcne Farbe.<\/li>\n<li>Geschmack\/Textur: Bietet einen unverwechselbar duftenden und w\u00fcrzigen Geschmack, wobei aromatische Bl\u00e4tter oft zum Kochen verwendet werden.<\/li>\n<li>Gewicht: Generell kleiner, durchschnittlich etwa 40 Gramm pro Frucht.<\/li>\n<li>Verf\u00fcgbarkeit: Das ganze Jahr \u00fcber in tropischen Klimazonen zu finden, gesch\u00e4tzt f\u00fcr ihre kulinarische Vielseitigkeit.<\/li>\n<\/ul>","protected":false},"excerpt":{"rendered":"<p>Limetten, bekannt f\u00fcr ihren spritzigen Geschmack und das lebendige Zitrusaroma, sind gleicherma\u00dfen in der kulinarischen Anwendung und f\u00fcr Getr\u00e4nke unverzichtbar. Reich an Vitamin C enth\u00e4lt jede Limette etwa 29 mg pro 100 g Frucht, was Gerichten und Getr\u00e4nken eine erfrischende S\u00e4ure verleiht. Der hohe Gehalt an Vitamin C bleibt in Limetten erhalten und stellt eine zuverl\u00e4ssige Quelle dieses wichtigen N\u00e4hrstoffs dar.<\/p>\n<p>Neben Vitamin C enthalten Limetten eine Vielzahl von B-Vitaminen sowie Spuren von Vitamin A und Vitamin E. Mit einem Wassergehalt von etwa 88% verbessern Limetten nicht nur den Geschmack, sondern tragen auch zur Hydration bei und liefern mit jedem Auspressen essentielle N\u00e4hrstoffe. Limetten werden ganzj\u00e4hrig in verschiedenen Regionen geerntet, und unser Unternehmen stellt eine kontinuierliche Exportverf\u00fcgbarkeit sicher.<\/p>\n<p><strong>Einzelheiten:<\/strong><\/p>\n<ul>\n<li>Gr\u00f6\u00dfe: Ungef\u00e4hr 5-7 cm im Durchmesser<\/li>\n<li>Verpackung: Kartons mit einem Nettogewicht von 5-7 kg<\/li>\n<li>Empfohlene Lager- und Transporttemperatur: 10\u00b0C<\/li>\n<li>Relative Luftfeuchtigkeit: 85%<\/li>\n<li>Gefriertemperatur: -1\u00b0C<\/li>\n<\/ul>","protected":false},"featured_media":1060,"comment_status":"open","ping_status":"closed","template":"","meta":[],"product_cat":[25],"product_tag":[],"class_list":{"0":"post-1059","1":"product","2":"type-product","3":"status-publish","4":"has-post-thumbnail","6":"product_cat-fruits","8":"first","9":"instock","10":"shipping-taxable","11":"product-type-simple"},"jetpack_sharing_enabled":true,"_links":{"self":[{"href":"https:\/\/colactrading.pl\/de\/wp-json\/wp\/v2\/product\/1059","targetHints":{"allow":["GET"]}}],"collection":[{"href":"https:\/\/colactrading.pl\/de\/wp-json\/wp\/v2\/product"}],"about":[{"href":"https:\/\/colactrading.pl\/de\/wp-json\/wp\/v2\/types\/product"}],"replies":[{"embeddable":true,"href":"https:\/\/colactrading.pl\/de\/wp-json\/wp\/v2\/comments?post=1059"}],"wp:featuredmedia":[{"embeddable":true,"href":"https:\/\/colactrading.pl\/de\/wp-json\/wp\/v2\/media\/1060"}],"wp:attachment":[{"href":"https:\/\/colactrading.pl\/de\/wp-json\/wp\/v2\/media?parent=1059"}],"wp:term":[{"taxonomy":"product_cat","embeddable":true,"href":"https:\/\/colactrading.pl\/de\/wp-json\/wp\/v2\/product_cat?post=1059"},{"taxonomy":"product_tag","embeddable":true,"href":"https:\/\/colactrading.pl\/de\/wp-json\/wp\/v2\/product_tag?post=1059"}],"curies":[{"name":"wp","href":"https:\/\/api.w.org\/{rel}","templated":true}]}}