{"id":735,"date":"2024-07-04T08:17:50","date_gmt":"2024-07-04T08:17:50","guid":{"rendered":"https:\/\/colactrading.pl\/?post_type=product&#038;p=735"},"modified":"2024-07-05T03:53:46","modified_gmt":"2024-07-05T03:53:46","slug":"mango","status":"publish","type":"product","link":"https:\/\/colactrading.pl\/de\/produkt\/mango\/","title":{"rendered":"MANGO"},"content":{"rendered":"<p>COLAC SP.Z.O.O bietet eine Vielzahl von Mango-Sorten an:<\/p>\n<p><strong>Tommy<\/strong><\/p>\n<ul>\n<li>Farbe: Sch\u00f6ne attraktive Schalenfarbe in Gr\u00fcn mit roter Wangentextur<\/li>\n<li>Geschmack\/Gewicht: Leichter Geschmack mit Fasern, 350-660 Gramm<\/li>\n<li>Verf\u00fcgbarkeit: Juli bis August<\/li>\n<\/ul>\n<p><strong>Kent<\/strong><\/p>\n<ul>\n<li>Farbe: Gr\u00fcn mit kleinen roten Wangen<\/li>\n<li>Geschmack\/Gewicht: Faserfrei und s\u00fc\u00df, 350-660 Gramm<\/li>\n<li>Verf\u00fcgbarkeit: August bis September<\/li>\n<\/ul>\n<p><strong>Maya<\/strong><\/p>\n<ul>\n<li>Farbe: Attraktive tropische Schalenfarben in Gelb mit roter Wangentextur<\/li>\n<li>Geschmack\/Gewicht: Faserfrei und saftig, 250-450 Gramm<\/li>\n<li>Verf\u00fcgbarkeit: Juli bis August<\/li>\n<\/ul>\n<p><strong>Shelly<\/strong><\/p>\n<ul>\n<li>Farbe: Einzigartige gr\u00fcne und rote Farbe<\/li>\n<li>Geschmack\/Gewicht: Faserfrei und fein im Geschmack, 350-660 Gramm<\/li>\n<li>Verf\u00fcgbarkeit: Juli bis September<\/li>\n<\/ul>\n<p><strong>Lily<\/strong><\/p>\n<ul>\n<li>Farbe: Besondere Schalenfarben, die dominantes Gr\u00fcn und rote Wangen einschlie\u00dfen<\/li>\n<li>Geschmack\/Gewicht: Faserfrei und reichhaltiger Geschmack, 350-660 Gramm<\/li>\n<li>Verf\u00fcgbarkeit: August<\/li>\n<\/ul>\n<p><strong>Keitt<\/strong><\/p>\n<ul>\n<li>Farbe: Gr\u00fcn mit kleinen roten Wangen<\/li>\n<li>Geschmack\/Gewicht: Faserfrei und s\u00fc\u00df mit bestem Brix- und S\u00e4ureverh\u00e4ltnis, 400-1000 Gramm<\/li>\n<li>Verf\u00fcgbarkeit: September bis Oktober<\/li>\n<\/ul>\n<p><strong>Noa<\/strong><\/p>\n<ul>\n<li>Farbe: Sch\u00f6ne attraktive Schalenfarbe in Gr\u00fcn mit roter Wangentextur<\/li>\n<li>Geschmack\/Gewicht: Faserfrei und saftig, 480-900 Gramm<\/li>\n<li>Verf\u00fcgbarkeit: Juli bis August<\/li>\n<\/ul>","protected":false},"excerpt":{"rendered":"<p>Mangoes sind bekannt f\u00fcr ihren reichen und komplexen Geschmack sowie ihr Aroma, das durch Aldehyde, Ester und fl\u00fcchtige Alkohol-Ester entsteht. Diese Verbindungen erreichen ihren H\u00f6hepunkt, wenn die Frucht vollst\u00e4ndig reif ist. Mangoes sind au\u00dfergew\u00f6hnlich reich an Provitamin A und Vitamin C und bieten bedeutende ern\u00e4hrungsphysiologische Vorteile. Die Wirksamkeit von Vitamin C wird durch das Vorhandensein von Vitamin P-Verbindungen verst\u00e4rkt, die seine Wirkung verst\u00e4rken.<\/p>\n<p>Eine halbe Mango (ungef\u00e4hr 180g, Nettogewicht 120g) liefert die gesamte empfohlene t\u00e4gliche Menge an Provitamin A und zwei Drittel der empfohlenen t\u00e4glichen Menge an Vitamin C. Dies macht Mangoes besonders geeignet f\u00fcr Raucher, schwangere Frauen und heranwachsende Jugendliche, die einen erh\u00f6hten Bedarf an diesen N\u00e4hrstoffen haben. Mangoes werden auch aufgrund ihrer vorbeugenden Eigenschaften gegen vorzeitiges Altern, bestimmte Krebsarten und Arteriosklerose empfohlen, aufgrund ihres hohen Gehalts an Antioxidantien wie Vitamin C, Vitamin E, Provitamin A und anderen Carotinoiden sowie reichlich Ballaststoffen.<\/p>\n<p><strong>Einzelheiten:<\/strong><\/p>\n<ul>\n<li>Gewicht: 225-450 Gramm pro St\u00fcck<\/li>\n<li>Verpackung: Kartons mit einem Nettogewicht von 4 kg<\/li>\n<li>Empfohlene Lager- und Transporttemperatur:\nF\u00fcr die Sorten Tommy, Keitt &amp; Shelly: 12 \u00b0C,F\u00fcr die Sorten Maya &amp; Kent: 10 \u00b0C<\/li>\n<li>Relative Luftfeuchtigkeit: 90%<\/li>\n<li>Gefriertemperatur: -1,4\u00b0C<\/li>\n<\/ul>","protected":false},"featured_media":895,"comment_status":"open","ping_status":"closed","template":"","meta":[],"product_cat":[25],"product_tag":[],"class_list":{"0":"post-735","1":"product","2":"type-product","3":"status-publish","4":"has-post-thumbnail","6":"product_cat-fruits","8":"first","9":"instock","10":"shipping-taxable","11":"product-type-simple"},"jetpack_sharing_enabled":true,"_links":{"self":[{"href":"https:\/\/colactrading.pl\/de\/wp-json\/wp\/v2\/product\/735","targetHints":{"allow":["GET"]}}],"collection":[{"href":"https:\/\/colactrading.pl\/de\/wp-json\/wp\/v2\/product"}],"about":[{"href":"https:\/\/colactrading.pl\/de\/wp-json\/wp\/v2\/types\/product"}],"replies":[{"embeddable":true,"href":"https:\/\/colactrading.pl\/de\/wp-json\/wp\/v2\/comments?post=735"}],"wp:featuredmedia":[{"embeddable":true,"href":"https:\/\/colactrading.pl\/de\/wp-json\/wp\/v2\/media\/895"}],"wp:attachment":[{"href":"https:\/\/colactrading.pl\/de\/wp-json\/wp\/v2\/media?parent=735"}],"wp:term":[{"taxonomy":"product_cat","embeddable":true,"href":"https:\/\/colactrading.pl\/de\/wp-json\/wp\/v2\/product_cat?post=735"},{"taxonomy":"product_tag","embeddable":true,"href":"https:\/\/colactrading.pl\/de\/wp-json\/wp\/v2\/product_tag?post=735"}],"curies":[{"name":"wp","href":"https:\/\/api.w.org\/{rel}","templated":true}]}}