{"id":738,"date":"2024-07-04T08:20:22","date_gmt":"2024-07-04T08:20:22","guid":{"rendered":"https:\/\/colactrading.pl\/?post_type=product&#038;p=738"},"modified":"2024-07-08T05:04:31","modified_gmt":"2024-07-08T05:04:31","slug":"lemon","status":"publish","type":"product","link":"https:\/\/colactrading.pl\/de\/produkt\/lemon\/","title":{"rendered":"Zitrone"},"content":{"rendered":"<p>COLAC SP.Z.O.O bietet eine Vielzahl von Zitronen an:<\/p>\n<p><strong>K\u00f6nigin-Zitrone<\/strong><\/p>\n<ul>\n<li>Aussehen: Leuchtend gelbe Schale mit einer glatten, gl\u00e4nzenden Textur.<\/li>\n<li>Geschmack\/Gewicht: Herb und erfrischend im Geschmack, jede Zitrone wiegt typischerweise etwa 80-120 Gramm.<\/li>\n<li>Verf\u00fcgbarkeit: In den meisten Regionen ganzj\u00e4hrig erh\u00e4ltlich.<\/li>\n<\/ul>\n<p><strong>K\u00f6nigszitrone<\/strong><\/p>\n<ul>\n<li>Aussehen: Tiefgelbe bis goldgelbe Schale.<\/li>\n<li>Geschmack\/Gewicht: Kr\u00e4ftig herb mit einem Hauch S\u00fc\u00dfe, saftiges Fruchtfleisch, jede Zitrone wiegt etwa 100-150 Gramm.<\/li>\n<li>Verf\u00fcgbarkeit: Die Hochsaison variiert je nach Region, ist jedoch h\u00e4ufig von Sp\u00e4twinter bis Fr\u00fchsommer reichlich vorhanden.<\/li>\n<\/ul>\n<p><strong>Rosa Zitrone<\/strong><\/p>\n<ul>\n<li>Aussehen: Hellgelbe Schale mit einem Hauch von Rosa bei Reife.<\/li>\n<li>Geschmack\/Gewicht: Leicht s\u00e4uerlich mit einem dezenten blumigen Unterton, jede Zitrone wiegt etwa 80-120 Gramm.<\/li>\n<li>Verf\u00fcgbarkeit: Wird saisonal geerntet, haupts\u00e4chlich w\u00e4hrend des Fr\u00fchlings und fr\u00fchen Sommers.<\/li>\n<\/ul>","protected":false},"excerpt":{"rendered":"<p>Die COLAC SP.Z.O.O hat sich auf den Export von Zitronen spezialisiert, einer Zitrusfrucht, die f\u00fcr ihren hohen Vitamin-C-Gehalt bekannt ist (52 mg pro 100 g), der \u00fcber l\u00e4ngere Zeit stabil bleibt. Frisch gepresster Zitronensaft beh\u00e4lt eine \u00e4hnliche Vitamin-C-Konzentration wie das Fruchtfleisch bei (50 bis 60 mg pro 100 g), aber aufgrund der Bel\u00fcftung oxidiert das Vitamin C im Saft schnell. F\u00fcr optimale Frische wird empfohlen, den Zitronensaft bald nach dem Pressen zu verwenden.<\/p>\n<p>Zus\u00e4tzlich zu Vitamin C liefern Zitronen eine Vielzahl von B-Vitaminen und etwas Vitamin E (0,8 mg pro 100 g). Mit einem hohen Wassergehalt von etwa 90% l\u00f6sen Zitronen verschiedene f\u00fcr die Gesundheit essentielle N\u00e4hrstoffe auf. Mehrere Zitronensorten werden angebaut, und unser Unternehmen bietet Zitronen von Dezember bis Juni zum Export an.<\/p>\n<p><strong>Einzelheiten:<\/strong><\/p>\n<ul>\n<li>Gewicht: 225-450 g pro St\u00fcck<\/li>\n<li>Verpackung: Kartons mit einem Nettogewicht von 11-14 kg<\/li>\n<li>Empfohlene Lager- und Transporttemperatur: 10\u00b0C<\/li>\n<li>Relative Luftfeuchtigkeit: 90%<\/li>\n<li>Gefriertemperatur: -1,4\u00b0C<\/li>\n<\/ul>","protected":false},"featured_media":880,"comment_status":"open","ping_status":"closed","template":"","meta":[],"product_cat":[25],"product_tag":[],"class_list":{"0":"post-738","1":"product","2":"type-product","3":"status-publish","4":"has-post-thumbnail","6":"product_cat-fruits","8":"first","9":"instock","10":"shipping-taxable","11":"product-type-simple"},"jetpack_sharing_enabled":true,"_links":{"self":[{"href":"https:\/\/colactrading.pl\/de\/wp-json\/wp\/v2\/product\/738","targetHints":{"allow":["GET"]}}],"collection":[{"href":"https:\/\/colactrading.pl\/de\/wp-json\/wp\/v2\/product"}],"about":[{"href":"https:\/\/colactrading.pl\/de\/wp-json\/wp\/v2\/types\/product"}],"replies":[{"embeddable":true,"href":"https:\/\/colactrading.pl\/de\/wp-json\/wp\/v2\/comments?post=738"}],"wp:featuredmedia":[{"embeddable":true,"href":"https:\/\/colactrading.pl\/de\/wp-json\/wp\/v2\/media\/880"}],"wp:attachment":[{"href":"https:\/\/colactrading.pl\/de\/wp-json\/wp\/v2\/media?parent=738"}],"wp:term":[{"taxonomy":"product_cat","embeddable":true,"href":"https:\/\/colactrading.pl\/de\/wp-json\/wp\/v2\/product_cat?post=738"},{"taxonomy":"product_tag","embeddable":true,"href":"https:\/\/colactrading.pl\/de\/wp-json\/wp\/v2\/product_tag?post=738"}],"curies":[{"name":"wp","href":"https:\/\/api.w.org\/{rel}","templated":true}]}}