{"id":748,"date":"2024-07-04T08:31:01","date_gmt":"2024-07-04T08:31:01","guid":{"rendered":"https:\/\/colactrading.pl\/?post_type=product&#038;p=748"},"modified":"2025-12-18T20:40:01","modified_gmt":"2025-12-18T20:40:01","slug":"pineapple","status":"publish","type":"product","link":"https:\/\/colactrading.pl\/de\/produkt\/pineapple\/","title":{"rendered":"Ananas"},"content":{"rendered":"<p>Die COLAC SP.Z.O.O bietet eine Vielzahl von Ananas an:<\/p>\n<p><strong>K\u00f6nigin der tropischen Fr\u00fcchte<\/strong><\/p>\n<ul>\n<li>Aussehen: Lebhaft goldgelb mit einer stacheligen Krone.<\/li>\n<li>Geschmack\/Textur: S\u00fc\u00dfer und leicht s\u00e4uerlicher Geschmack mit saftigem, faserigem Fruchtfleisch.<\/li>\n<li>Gewicht: Typischerweise wiegt zwischen 1 und 2 Kilogramm.<\/li>\n<li>Verf\u00fcgbarkeit: In der Regel ganzj\u00e4hrig in tropischen Klimazonen verf\u00fcgbar.<\/li>\n<\/ul>\n<p><strong>K\u00f6nig der tropischen Fr\u00fcchte<\/strong><\/p>\n<ul>\n<li>Aussehen: Tief goldgelb mit einer kr\u00e4ftigen, blattreichen Krone.<\/li>\n<li>Geschmack\/Textur: S\u00fc\u00df mit einem Hauch von S\u00e4ure, saftig und faserig<\/li>\n<li>Gewicht: Jede Ananas wiegt ungef\u00e4hr 1,5 bis 2,5 Kilogramm.<\/li>\n<li>Verf\u00fcgbarkeit: Die Hochsaison variiert je nach Region, oft reichlich von M\u00e4rz bis Juli.<\/li>\n<\/ul>\n<p><strong>Rote Ananas<\/strong><\/p>\n<ul>\n<li>Aussehen: Rosarote Haut, wenn reif, mit einer markanten Krone.<\/li>\n<li>Geschmack\/Textur: S\u00fc\u00df und leicht s\u00e4uerlich, mit einer zarten, saftigen Textur.<\/li>\n<li>Gewicht: Normalerweise liegt das Gewicht pro Frucht zwischen 1 und 2 Kilogramm.<\/li>\n<li>Verf\u00fcgbarkeit: Wird saisonal geerntet, haupts\u00e4chlich w\u00e4hrend der Sommermonate.<\/li>\n<\/ul>","protected":false},"excerpt":{"rendered":"<p>Die COLAC SP.Z.O.O bietet Ananas an, die f\u00fcr ihren s\u00fc\u00dfen und leicht s\u00e4uerlichen Geschmack sowie ihr charakteristisches tropisches Aroma bekannt sind. Ananas sind reich an Vitamin C, mit etwa 47 mg pro 100 g Frucht, was zu ihrem erfrischenden Geschmack beitr\u00e4gt. Der Vitamin-C-Gehalt bleibt \u00fcber die Zeit stabil, wodurch Ananas eine verl\u00e4ssliche Quelle dieses essentiellen N\u00e4hrstoffs sind.<\/p>\n<p>Neben Vitamin C enthalten Ananas eine Vielzahl von B-Vitaminen sowie geringe Mengen an Vitamin A und Vitamin E. Sie bestehen zu etwa 86% aus Wasser, was zur Hydratation beitr\u00e4gt und gleichzeitig essentielle N\u00e4hrstoffe liefert. Ananas werden in verschiedenen Regionen geerntet, und unser Unternehmen exportiert sie das ganze Jahr \u00fcber, um die Verf\u00fcgbarkeit sicherzustellen.<\/p>\n<p><strong>Einzelheiten:<\/strong><\/p>\n<ul>\n<li>Gewicht: 1-2 kg pro St\u00fcck<\/li>\n<li>Verpackung: Kartons mit einem Nettogewicht von 7-10 kg<\/li>\n<li>Empfohlene Lagerungs- und Transporttemperatur: 8\u00b0C<\/li>\n<li>Relative Luftfeuchtigkeit: 85%<\/li>\n<li>Gefriertemperatur: -1,5\u00b0C<\/li>\n<\/ul>","protected":false},"featured_media":871,"comment_status":"open","ping_status":"closed","template":"","meta":[],"product_cat":[25],"product_tag":[],"class_list":{"0":"post-748","1":"product","2":"type-product","3":"status-publish","4":"has-post-thumbnail","6":"product_cat-fruits","8":"first","9":"instock","10":"shipping-taxable","11":"product-type-simple"},"jetpack_sharing_enabled":true,"_links":{"self":[{"href":"https:\/\/colactrading.pl\/de\/wp-json\/wp\/v2\/product\/748","targetHints":{"allow":["GET"]}}],"collection":[{"href":"https:\/\/colactrading.pl\/de\/wp-json\/wp\/v2\/product"}],"about":[{"href":"https:\/\/colactrading.pl\/de\/wp-json\/wp\/v2\/types\/product"}],"replies":[{"embeddable":true,"href":"https:\/\/colactrading.pl\/de\/wp-json\/wp\/v2\/comments?post=748"}],"wp:featuredmedia":[{"embeddable":true,"href":"https:\/\/colactrading.pl\/de\/wp-json\/wp\/v2\/media\/871"}],"wp:attachment":[{"href":"https:\/\/colactrading.pl\/de\/wp-json\/wp\/v2\/media?parent=748"}],"wp:term":[{"taxonomy":"product_cat","embeddable":true,"href":"https:\/\/colactrading.pl\/de\/wp-json\/wp\/v2\/product_cat?post=748"},{"taxonomy":"product_tag","embeddable":true,"href":"https:\/\/colactrading.pl\/de\/wp-json\/wp\/v2\/product_tag?post=748"}],"curies":[{"name":"wp","href":"https:\/\/api.w.org\/{rel}","templated":true}]}}