{"id":755,"date":"2024-07-04T08:36:53","date_gmt":"2024-07-04T08:36:53","guid":{"rendered":"https:\/\/colactrading.pl\/?post_type=product&#038;p=755"},"modified":"2026-04-04T17:54:19","modified_gmt":"2026-04-04T17:54:19","slug":"grape","status":"publish","type":"product","link":"https:\/\/colactrading.pl\/de\/produkt\/grape\/","title":{"rendered":"Pampelmuse"},"content":{"rendered":"<p>COLAC SP.Z.O.O bietet eine Vielzahl von Grapefruit-Sorten an:<\/p>\n<p><strong>Rubinrote<\/strong><br \/>\nFarbe: Lebhaftes Rosa bis tiefrotes Fruchtfleisch mit einem d\u00fcnnen roten Schimmer auf der Schale<br \/>\nGeschmack\/Gewicht: S\u00fc\u00df und w\u00fcrzig, saftige Segmente, durchschnittliches Gewicht von 200-400 Gramm pro Frucht<br \/>\nVerf\u00fcgbarkeit: Ganzj\u00e4hrig, Hochsaison von Oktober bis April<\/p>\n<p><strong>Wei\u00dfer Marsh<\/strong><br \/>\nFarbe: Hellgelbe bis hellgr\u00fcne Schale mit blassgelbem Fruchtfleisch<br \/>\nGeschmack\/Gewicht: Mild s\u00fc\u00dflich mit einem Hauch von S\u00e4ure, saftig, durchschnittliches Gewicht von 250-500 Gramm pro Frucht<br \/>\nVerf\u00fcgbarkeit: November bis Mai<\/p>\n<p><strong>Star Ruby<\/strong><br \/>\nFarbe: Tiefrosa bis rotes Fruchtfleisch mit einem dunkleren roten Schimmer auf der Schale<br \/>\nGeschmack\/Gewicht: S\u00fc\u00df und leicht s\u00e4uerlich, saftig und geschmackvoll, durchschnittliches Gewicht von 250-450 Gramm pro Frucht<br \/>\nVerf\u00fcgbarkeit: Dezember bis April<\/p>\n<p><strong>Oro Blanco<\/strong><br \/>\nFarbe: Hellgr\u00fcne bis gelbliche Schale mit blassgelbem bis rosafarbenem Fruchtfleisch<br \/>\nGeschmack\/Gewicht: S\u00fc\u00df und mild, saftig mit geringer S\u00e4ure, durchschnittliches Gewicht von 300-600 Gramm pro Frucht<br \/>\nVerf\u00fcgbarkeit: November bis Mai<\/p>","protected":false},"excerpt":{"rendered":"<p>Grapefruits sind bekannt f\u00fcr ihren hohen Gehalt an Vitamin C, durchschnittlich 37 mg pro 100 g. Eine halbe Grapefruit liefert \u00fcber zwei Drittel der empfohlenen t\u00e4glichen Zufuhr f\u00fcr Erwachsene (80 mg) und nahezu die gesamte f\u00fcr Kinder (60 mg). Das Vitamin C in Grapefruits bleibt dank ihrer dicken Schale und des sauren Milieus mehrere Wochen nach der Ernte stabil.<\/p>\n<p>Zus\u00e4tzliche gesundheitliche Vorteile:<\/p>\n<p>Grapefruits enthalten \"Vitamin P\", das Anthocyaninpigmente und Flavonole umfasst, die f\u00fcr die Gesundheit kleiner Blutgef\u00e4\u00dfe und die Fragilit\u00e4t der Kapillaren vorteilhaft sind. Sie liefern Mineralstoffe und Spurenelemente wie Kalium, Calcium und Magnesium bei minimaler Kalorienzufuhr.<\/p>\n<p><strong>Einzelheiten:<\/strong><\/p>\n<ul>\n<li>Verpackung: Kartons mit einem Nettogewicht von 13-15 kg<\/li>\n<li>Empfohlene Lagerungs- und Transportbedingungen: Temperatur: 8\u00b0C<\/li>\n<li>Relative Luftfeuchtigkeit: 90%<\/li>\n<li>Gefriertemperatur: -1,1\u00b0C<\/li>\n<\/ul>","protected":false},"featured_media":856,"comment_status":"open","ping_status":"closed","template":"","meta":[],"product_cat":[25],"product_tag":[],"class_list":{"0":"post-755","1":"product","2":"type-product","3":"status-publish","4":"has-post-thumbnail","6":"product_cat-fruits","8":"first","9":"instock","10":"shipping-taxable","11":"product-type-simple"},"jetpack_sharing_enabled":true,"_links":{"self":[{"href":"https:\/\/colactrading.pl\/de\/wp-json\/wp\/v2\/product\/755","targetHints":{"allow":["GET"]}}],"collection":[{"href":"https:\/\/colactrading.pl\/de\/wp-json\/wp\/v2\/product"}],"about":[{"href":"https:\/\/colactrading.pl\/de\/wp-json\/wp\/v2\/types\/product"}],"replies":[{"embeddable":true,"href":"https:\/\/colactrading.pl\/de\/wp-json\/wp\/v2\/comments?post=755"}],"wp:featuredmedia":[{"embeddable":true,"href":"https:\/\/colactrading.pl\/de\/wp-json\/wp\/v2\/media\/856"}],"wp:attachment":[{"href":"https:\/\/colactrading.pl\/de\/wp-json\/wp\/v2\/media?parent=755"}],"wp:term":[{"taxonomy":"product_cat","embeddable":true,"href":"https:\/\/colactrading.pl\/de\/wp-json\/wp\/v2\/product_cat?post=755"},{"taxonomy":"product_tag","embeddable":true,"href":"https:\/\/colactrading.pl\/de\/wp-json\/wp\/v2\/product_tag?post=755"}],"curies":[{"name":"wp","href":"https:\/\/api.w.org\/{rel}","templated":true}]}}